{"id":1039,"date":"2024-07-29T07:18:10","date_gmt":"2024-07-29T12:18:10","guid":{"rendered":"https:\/\/thinkit.com.co\/?page_id=1039"},"modified":"2024-07-29T07:31:21","modified_gmt":"2024-07-29T12:31:21","slug":"trabaja-con-nosotros","status":"publish","type":"page","link":"https:\/\/thinkit.com.co\/en\/trabaja-con-nosotros\/","title":{"rendered":"Work with us"},"content":{"rendered":"<div data-elementor-type=\"wp-page\" data-elementor-id=\"1039\" class=\"elementor elementor-1039\">\n\t\t\t\t\t\t<section class=\"elementor-section elementor-top-section elementor-element elementor-element-b8dc617 elementor-section-content-bottom elementor-section-full_width section_circle elementor-section-height-default elementor-section-height-default\" data-id=\"b8dc617\" data-element_type=\"section\" id=\"#int_difer\" data-settings=\"{&quot;background_background&quot;:&quot;gradient&quot;}\">\n\t\t\t\t\t\t\t<div class=\"elementor-background-overlay\"><\/div>\n\t\t\t\t\t\t\t<div class=\"elementor-container elementor-column-gap-default\">\n\t\t\t\t\t<div class=\"elementor-column elementor-col-100 elementor-top-column elementor-element elementor-element-8822736\" data-id=\"8822736\" data-element_type=\"column\">\n\t\t\t<div class=\"elementor-widget-wrap elementor-element-populated\">\n\t\t\t\t\t\t<section class=\"elementor-section elementor-inner-section elementor-element elementor-element-918dfba elementor-section-content-middle elementor-section-boxed elementor-section-height-default elementor-section-height-default\" data-id=\"918dfba\" data-element_type=\"section\">\n\t\t\t\t\t\t<div class=\"elementor-container elementor-column-gap-default\">\n\t\t\t\t\t<div class=\"elementor-column elementor-col-50 elementor-inner-column elementor-element elementor-element-3d8eb90\" data-id=\"3d8eb90\" data-element_type=\"column\">\n\t\t\t<div class=\"elementor-widget-wrap elementor-element-populated\">\n\t\t\t\t\t\t<div class=\"elementor-element elementor-element-6335847 img_dif elementor-widget elementor-widget-image\" data-id=\"6335847\" data-element_type=\"widget\" data-widget_type=\"image.default\">\n\t\t\t\t<div class=\"elementor-widget-container\">\n\t\t\t\t\t\t\t\t\t\t\t\t\t\t\t<img fetchpriority=\"high\" decoding=\"async\" width=\"1000\" height=\"1000\" src=\"https:\/\/thinkit.com.co\/wp-content\/uploads\/2024\/07\/work-about.webp\" class=\"attachment-large size-large wp-image-1048\" alt=\"\" srcset=\"https:\/\/thinkit.com.co\/wp-content\/uploads\/2024\/07\/work-about.webp 1000w, https:\/\/thinkit.com.co\/wp-content\/uploads\/2024\/07\/work-about-300x300.webp 300w, https:\/\/thinkit.com.co\/wp-content\/uploads\/2024\/07\/work-about-150x150.webp 150w, https:\/\/thinkit.com.co\/wp-content\/uploads\/2024\/07\/work-about-768x768.webp 768w, https:\/\/thinkit.com.co\/wp-content\/uploads\/2024\/07\/work-about-12x12.webp 12w\" sizes=\"(max-width: 1000px) 100vw, 1000px\" \/>\t\t\t\t\t\t\t\t\t\t\t\t\t\t\t<\/div>\n\t\t\t\t<\/div>\n\t\t\t\t\t<\/div>\n\t\t<\/div>\n\t\t\t\t<div class=\"elementor-column elementor-col-50 elementor-inner-column elementor-element elementor-element-b4dbdb3\" data-id=\"b4dbdb3\" data-element_type=\"column\">\n\t\t\t<div class=\"elementor-widget-wrap elementor-element-populated\">\n\t\t\t\t\t\t<div class=\"elementor-element elementor-element-c33f247 elementor-widget elementor-widget-heading\" data-id=\"c33f247\" data-element_type=\"widget\" data-widget_type=\"heading.default\">\n\t\t\t\t<div class=\"elementor-widget-container\">\n\t\t\t\t\t<h1 class=\"elementor-heading-title elementor-size-default\">Work with us<\/h1>\t\t\t\t<\/div>\n\t\t\t\t<\/div>\n\t\t\t\t<div class=\"elementor-element elementor-element-a3de613 elementor-widget elementor-widget-text-editor\" data-id=\"a3de613\" data-element_type=\"widget\" data-widget_type=\"text-editor.default\">\n\t\t\t\t<div class=\"elementor-widget-container\">\n\t\t\t\t\t\t\t\t\t<p>At Think IT we are looking for innovative, committed people willing to face technological challenges in a dynamic and collaborative environment. Join Think IT!<\/p>\t\t\t\t\t\t\t\t<\/div>\n\t\t\t\t<\/div>\n\t\t\t\t<div class=\"elementor-element elementor-element-2414400 eael-contact-form-7-button-align-left eael-contact-form-7-button-custom elementor-widget elementor-widget-eael-contact-form-7\" data-id=\"2414400\" data-element_type=\"widget\" data-widget_type=\"eael-contact-form-7.default\">\n\t\t\t\t<div class=\"elementor-widget-container\">\n\t\t\t\t\t<div class=\"eael-contact-form-7-wrapper\">\n                <div class=\"eael-contact-form eael-contact-form-7 eael-contact-form-2414400 placeholder-show eael-contact-form-align-default\">\n<div class=\"wpcf7 no-js\" id=\"wpcf7-f1047-o1\" lang=\"es-ES\" dir=\"ltr\" data-wpcf7-id=\"1047\">\n<div class=\"screen-reader-response\"><p role=\"status\" aria-live=\"polite\" aria-atomic=\"true\"><\/p> <ul><\/ul><\/div>\n<form action=\"\/en\/wp-json\/wp\/v2\/pages\/1039#wpcf7-f1047-o1\" method=\"post\" class=\"wpcf7-form init\" aria-label=\"Formulario de contacto\" enctype=\"multipart\/form-data\" novalidate=\"novalidate\" data-status=\"init\" data-trp-original-action=\"\/en\/wp-json\/wp\/v2\/pages\/1039#wpcf7-f1047-o1\">\n<fieldset class=\"hidden-fields-container\"><input type=\"hidden\" name=\"_wpcf7\" value=\"1047\" \/><input type=\"hidden\" name=\"_wpcf7_version\" value=\"6.1.4\" \/><input type=\"hidden\" name=\"_wpcf7_locale\" value=\"es_ES\" \/><input type=\"hidden\" name=\"_wpcf7_unit_tag\" value=\"wpcf7-f1047-o1\" \/><input type=\"hidden\" name=\"_wpcf7_container_post\" value=\"0\" \/><input type=\"hidden\" name=\"_wpcf7_posted_data_hash\" value=\"\" \/><input type=\"hidden\" name=\"_wpcf7cf_hidden_group_fields\" value=\"[]\" \/><input type=\"hidden\" name=\"_wpcf7cf_hidden_groups\" value=\"[]\" \/><input type=\"hidden\" name=\"_wpcf7cf_visible_groups\" value=\"[]\" \/><input type=\"hidden\" name=\"_wpcf7cf_repeaters\" value=\"[]\" \/><input type=\"hidden\" name=\"_wpcf7cf_steps\" value=\"{}\" \/><input type=\"hidden\" name=\"_wpcf7cf_options\" value=\"{&quot;form_id&quot;:1047,&quot;conditions&quot;:[],&quot;settings&quot;:{&quot;animation&quot;:&quot;yes&quot;,&quot;animation_intime&quot;:200,&quot;animation_outtime&quot;:200,&quot;conditions_ui&quot;:&quot;normal&quot;,&quot;notice_dismissed&quot;:false}}\" \/><input type=\"hidden\" name=\"_wpcf7_recaptcha_response\" value=\"\" \/>\n<\/fieldset>\n<div class='row_at_1'><div class=\"col_at\"><span class=\"wpcf7-form-control-wrap\" data-name=\"text-461\"><input size=\"40\" maxlength=\"400\" class=\"wpcf7-form-control wpcf7-text wpcf7-validates-as-required\" aria-required=\"true\" aria-invalid=\"false\" placeholder=\"Full name\" value=\"\" type=\"text\" name=\"text-461\" \/><\/span><\/div><\/div>\n<div class='row_at_2'><div class=\"col_at\"><span class=\"wpcf7-form-control-wrap\" data-name=\"email-602\"><input size=\"40\" maxlength=\"400\" class=\"wpcf7-form-control wpcf7-email wpcf7-validates-as-required wpcf7-text wpcf7-validates-as-email\" aria-required=\"true\" aria-invalid=\"false\" placeholder=\"Email\" value=\"\" type=\"email\" name=\"email-602\" \/><\/span><\/div><div class=\"col_at\"><span class=\"wpcf7-form-control-wrap\" data-name=\"tel-54\"><input size=\"40\" maxlength=\"400\" class=\"wpcf7-form-control wpcf7-tel wpcf7-validates-as-required wpcf7-text wpcf7-validates-as-tel\" aria-required=\"true\" aria-invalid=\"false\" placeholder=\"Phone\" value=\"\" type=\"tel\" name=\"tel-54\" \/><\/span><\/div><\/div>\n<div class='row_at_2'><div class=\"col_at\"><span class=\"wpcf7-form-control-wrap\" data-name=\"text-201\"><input size=\"40\" maxlength=\"400\" class=\"wpcf7-form-control wpcf7-text wpcf7-validates-as-required\" aria-required=\"true\" aria-invalid=\"false\" placeholder=\"Profession\" value=\"\" type=\"text\" name=\"text-201\" \/><\/span><\/div><div class=\"col_at\"><span class=\"wpcf7-form-control-wrap\" data-name=\"file-134\"><input size=\"40\" class=\"wpcf7-form-control wpcf7-file wpcf7-validates-as-required files\" accept=\".pdf\" aria-required=\"true\" aria-invalid=\"false\" type=\"file\" name=\"file-134\" \/><\/span><\/div><\/div>\n<div class='row_at_7_5'><div id='terminos' class=\"col_at\"><span class=\"wpcf7-form-control-wrap\" data-name=\"acceptance-29\"><span class=\"wpcf7-form-control wpcf7-acceptance\"><span class=\"wpcf7-list-item\"><label><input type=\"checkbox\" name=\"acceptance-29\" value=\"1\" class=\"acepto\" aria-invalid=\"false\" \/><span class=\"wpcf7-list-item-label\">.<\/span><\/label><\/span><\/span><\/span><a href=''>Terms and Conditions<\/a><\/div><div class=\"col_at\"><input class=\"wpcf7-form-control wpcf7-submit has-spinner btn_at w_100 text_center\" type=\"submit\" value=\"SEND\" \/><\/div><\/div><div class=\"wpcf7-response-output\" aria-hidden=\"true\"><\/div>\n<input type=\"hidden\" name=\"trp-form-language\" value=\"en\"\/><\/form>\n<\/div>\n<\/div>\n            <\/div>\t\t\t\t<\/div>\n\t\t\t\t<\/div>\n\t\t\t\t\t<\/div>\n\t\t<\/div>\n\t\t\t\t\t<\/div>\n\t\t<\/section>\n\t\t\t\t\t<\/div>\n\t\t<\/div>\n\t\t\t\t\t<\/div>\n\t\t<\/section>\n\t\t\t\t<\/div>","protected":false},"excerpt":{"rendered":"<p>Trabaja con Nosotros En Think IT buscamos personas innovadoras, comprometidas y dispuestas a enfrentar desaf\u00edos tecnol\u00f3gicos en un entorno din\u00e1mico y colaborativo \u00a1\u00danete a Think IT! .T\u00e9rminos y Condiciones<\/p>","protected":false},"author":1,"featured_media":0,"parent":0,"menu_order":0,"comment_status":"closed","ping_status":"closed","template":"","meta":{"_acf_changed":false,"footnotes":""},"class_list":["post-1039","page","type-page","status-publish","hentry"],"acf":[],"yoast_head":"<!-- This site is optimized with the Yoast SEO plugin v26.6 - https:\/\/yoast.com\/wordpress\/plugins\/seo\/ -->\n<title>Trabaja con Nosotros | Think IT<\/title>\n<meta name=\"robots\" content=\"index, follow, max-snippet:-1, max-image-preview:large, max-video-preview:-1\" \/>\n<link rel=\"canonical\" href=\"https:\/\/thinkit.com.co\/en\/trabaja-con-nosotros\/\" \/>\n<meta property=\"og:locale\" content=\"en_US\" \/>\n<meta property=\"og:type\" content=\"article\" \/>\n<meta property=\"og:title\" content=\"Trabaja con Nosotros | Think IT\" \/>\n<meta property=\"og:description\" content=\"Trabaja con Nosotros En Think IT buscamos personas innovadoras, comprometidas y dispuestas a enfrentar desaf\u00edos tecnol\u00f3gicos en un entorno din\u00e1mico y colaborativo \u00a1\u00danete a Think IT! .T\u00e9rminos y Condiciones\" \/>\n<meta property=\"og:url\" content=\"https:\/\/thinkit.com.co\/en\/trabaja-con-nosotros\/\" \/>\n<meta property=\"og:site_name\" content=\"Think IT\" \/>\n<meta property=\"article:modified_time\" content=\"2024-07-29T12:31:21+00:00\" \/>\n<meta property=\"og:image\" content=\"https:\/\/thinkit.com.co\/wp-content\/uploads\/2024\/07\/work-about.webp\" \/>\n<meta name=\"twitter:card\" content=\"summary_large_image\" \/>\n<meta name=\"twitter:label1\" content=\"Est. reading time\" \/>\n\t<meta name=\"twitter:data1\" content=\"1 minute\" \/>\n<script type=\"application\/ld+json\" class=\"yoast-schema-graph\">{\"@context\":\"https:\/\/schema.org\",\"@graph\":[{\"@type\":\"WebPage\",\"@id\":\"https:\/\/thinkit.com.co\/trabaja-con-nosotros\/\",\"url\":\"https:\/\/thinkit.com.co\/trabaja-con-nosotros\/\",\"name\":\"Trabaja con Nosotros | Think IT\",\"isPartOf\":{\"@id\":\"https:\/\/thinkit.com.co\/#website\"},\"primaryImageOfPage\":{\"@id\":\"https:\/\/thinkit.com.co\/trabaja-con-nosotros\/#primaryimage\"},\"image\":{\"@id\":\"https:\/\/thinkit.com.co\/trabaja-con-nosotros\/#primaryimage\"},\"thumbnailUrl\":\"https:\/\/thinkit.com.co\/wp-content\/uploads\/2024\/07\/work-about.webp\",\"datePublished\":\"2024-07-29T12:18:10+00:00\",\"dateModified\":\"2024-07-29T12:31:21+00:00\",\"breadcrumb\":{\"@id\":\"https:\/\/thinkit.com.co\/trabaja-con-nosotros\/#breadcrumb\"},\"inLanguage\":\"en-US\",\"potentialAction\":[{\"@type\":\"ReadAction\",\"target\":[\"https:\/\/thinkit.com.co\/trabaja-con-nosotros\/\"]}]},{\"@type\":\"ImageObject\",\"inLanguage\":\"en-US\",\"@id\":\"https:\/\/thinkit.com.co\/trabaja-con-nosotros\/#primaryimage\",\"url\":\"https:\/\/thinkit.com.co\/wp-content\/uploads\/2024\/07\/work-about.webp\",\"contentUrl\":\"https:\/\/thinkit.com.co\/wp-content\/uploads\/2024\/07\/work-about.webp\"},{\"@type\":\"BreadcrumbList\",\"@id\":\"https:\/\/thinkit.com.co\/trabaja-con-nosotros\/#breadcrumb\",\"itemListElement\":[{\"@type\":\"ListItem\",\"position\":1,\"name\":\"Portada\",\"item\":\"https:\/\/thinkit.com.co\/\"},{\"@type\":\"ListItem\",\"position\":2,\"name\":\"Trabaja con Nosotros\"}]},{\"@type\":\"WebSite\",\"@id\":\"https:\/\/thinkit.com.co\/#website\",\"url\":\"https:\/\/thinkit.com.co\/\",\"name\":\"Think IT\",\"description\":\"Tu Aliado Tecnol\u00f3gico\",\"potentialAction\":[{\"@type\":\"SearchAction\",\"target\":{\"@type\":\"EntryPoint\",\"urlTemplate\":\"https:\/\/thinkit.com.co\/?s={search_term_string}\"},\"query-input\":{\"@type\":\"PropertyValueSpecification\",\"valueRequired\":true,\"valueName\":\"search_term_string\"}}],\"inLanguage\":\"en-US\"}]}<\/script>\n<!-- \/ Yoast SEO plugin. -->","yoast_head_json":{"title":"Trabaja con Nosotros | Think IT","robots":{"index":"index","follow":"follow","max-snippet":"max-snippet:-1","max-image-preview":"max-image-preview:large","max-video-preview":"max-video-preview:-1"},"canonical":"https:\/\/thinkit.com.co\/en\/trabaja-con-nosotros\/","og_locale":"en_US","og_type":"article","og_title":"Trabaja con Nosotros | Think IT","og_description":"Trabaja con Nosotros En Think IT buscamos personas innovadoras, comprometidas y dispuestas a enfrentar desaf\u00edos tecnol\u00f3gicos en un entorno din\u00e1mico y colaborativo \u00a1\u00danete a Think IT! .T\u00e9rminos y Condiciones","og_url":"https:\/\/thinkit.com.co\/en\/trabaja-con-nosotros\/","og_site_name":"Think IT","article_modified_time":"2024-07-29T12:31:21+00:00","og_image":[{"url":"https:\/\/thinkit.com.co\/wp-content\/uploads\/2024\/07\/work-about.webp","type":"","width":"","height":""}],"twitter_card":"summary_large_image","twitter_misc":{"Est. reading time":"1 minute"},"schema":{"@context":"https:\/\/schema.org","@graph":[{"@type":"WebPage","@id":"https:\/\/thinkit.com.co\/trabaja-con-nosotros\/","url":"https:\/\/thinkit.com.co\/trabaja-con-nosotros\/","name":"Trabaja con Nosotros | Think IT","isPartOf":{"@id":"https:\/\/thinkit.com.co\/#website"},"primaryImageOfPage":{"@id":"https:\/\/thinkit.com.co\/trabaja-con-nosotros\/#primaryimage"},"image":{"@id":"https:\/\/thinkit.com.co\/trabaja-con-nosotros\/#primaryimage"},"thumbnailUrl":"https:\/\/thinkit.com.co\/wp-content\/uploads\/2024\/07\/work-about.webp","datePublished":"2024-07-29T12:18:10+00:00","dateModified":"2024-07-29T12:31:21+00:00","breadcrumb":{"@id":"https:\/\/thinkit.com.co\/trabaja-con-nosotros\/#breadcrumb"},"inLanguage":"en-US","potentialAction":[{"@type":"ReadAction","target":["https:\/\/thinkit.com.co\/trabaja-con-nosotros\/"]}]},{"@type":"ImageObject","inLanguage":"en-US","@id":"https:\/\/thinkit.com.co\/trabaja-con-nosotros\/#primaryimage","url":"https:\/\/thinkit.com.co\/wp-content\/uploads\/2024\/07\/work-about.webp","contentUrl":"https:\/\/thinkit.com.co\/wp-content\/uploads\/2024\/07\/work-about.webp"},{"@type":"BreadcrumbList","@id":"https:\/\/thinkit.com.co\/trabaja-con-nosotros\/#breadcrumb","itemListElement":[{"@type":"ListItem","position":1,"name":"Portada","item":"https:\/\/thinkit.com.co\/"},{"@type":"ListItem","position":2,"name":"Trabaja con Nosotros"}]},{"@type":"WebSite","@id":"https:\/\/thinkit.com.co\/#website","url":"https:\/\/thinkit.com.co\/","name":"Think IT","description":"Tu Aliado Tecnol\u00f3gico","potentialAction":[{"@type":"SearchAction","target":{"@type":"EntryPoint","urlTemplate":"https:\/\/thinkit.com.co\/?s={search_term_string}"},"query-input":{"@type":"PropertyValueSpecification","valueRequired":true,"valueName":"search_term_string"}}],"inLanguage":"en-US"}]}},"_links":{"self":[{"href":"https:\/\/thinkit.com.co\/en\/wp-json\/wp\/v2\/pages\/1039","targetHints":{"allow":["GET"]}}],"collection":[{"href":"https:\/\/thinkit.com.co\/en\/wp-json\/wp\/v2\/pages"}],"about":[{"href":"https:\/\/thinkit.com.co\/en\/wp-json\/wp\/v2\/types\/page"}],"author":[{"embeddable":true,"href":"https:\/\/thinkit.com.co\/en\/wp-json\/wp\/v2\/users\/1"}],"replies":[{"embeddable":true,"href":"https:\/\/thinkit.com.co\/en\/wp-json\/wp\/v2\/comments?post=1039"}],"version-history":[{"count":16,"href":"https:\/\/thinkit.com.co\/en\/wp-json\/wp\/v2\/pages\/1039\/revisions"}],"predecessor-version":[{"id":1057,"href":"https:\/\/thinkit.com.co\/en\/wp-json\/wp\/v2\/pages\/1039\/revisions\/1057"}],"wp:attachment":[{"href":"https:\/\/thinkit.com.co\/en\/wp-json\/wp\/v2\/media?parent=1039"}],"curies":[{"name":"wp","href":"https:\/\/api.w.org\/{rel}","templated":true}]}}