{"id":3,"date":"2024-04-02T10:39:01","date_gmt":"2024-04-02T15:39:01","guid":{"rendered":"https:\/\/thinkit.com.co\/?page_id=3"},"modified":"2025-05-21T17:26:41","modified_gmt":"2025-05-21T22:26:41","slug":"politica-de-tratamiento-de-datos","status":"publish","type":"page","link":"https:\/\/thinkit.com.co\/en\/politica-de-tratamiento-de-datos\/","title":{"rendered":"Pol\u00edtica de Tratamiento de datos"},"content":{"rendered":"<div data-elementor-type=\"wp-page\" data-elementor-id=\"3\" class=\"elementor elementor-3\">\n\t\t\t\t\t\t<section class=\"elementor-section elementor-top-section elementor-element elementor-element-f55547a elementor-section-height-min-height elementor-section-items-bottom elementor-section-content-bottom elementor-section-boxed elementor-section-height-default\" data-id=\"f55547a\" data-element_type=\"section\" data-settings=\"{&quot;background_background&quot;:&quot;classic&quot;}\">\n\t\t\t\t\t\t<div class=\"elementor-container elementor-column-gap-default\">\n\t\t\t\t\t<div class=\"elementor-column elementor-col-100 elementor-top-column elementor-element elementor-element-853e1ed\" data-id=\"853e1ed\" data-element_type=\"column\">\n\t\t\t<div class=\"elementor-widget-wrap elementor-element-populated\">\n\t\t\t\t\t\t<div class=\"elementor-element elementor-element-44f3215 elementor-widget__width-initial elementor-widget elementor-widget-heading\" data-id=\"44f3215\" data-element_type=\"widget\" data-widget_type=\"heading.default\">\n\t\t\t\t<div class=\"elementor-widget-container\">\n\t\t\t\t\t<h2 class=\"elementor-heading-title elementor-size-default\">Authorization for the Processing of Personal Data<\/h2>\t\t\t\t<\/div>\n\t\t\t\t<\/div>\n\t\t\t\t\t<\/div>\n\t\t<\/div>\n\t\t\t\t\t<\/div>\n\t\t<\/section>\n\t\t\t\t<section class=\"elementor-section elementor-top-section elementor-element elementor-element-ca02b3b elementor-section-boxed elementor-section-height-default elementor-section-height-default\" data-id=\"ca02b3b\" data-element_type=\"section\">\n\t\t\t\t\t\t<div class=\"elementor-container elementor-column-gap-default\">\n\t\t\t\t\t<div class=\"elementor-column elementor-col-100 elementor-top-column elementor-element elementor-element-49e2c18\" data-id=\"49e2c18\" data-element_type=\"column\">\n\t\t\t<div class=\"elementor-widget-wrap elementor-element-populated\">\n\t\t\t\t\t\t<div class=\"elementor-element elementor-element-c2998b9 elementor-widget elementor-widget-text-editor\" data-id=\"c2998b9\" data-element_type=\"widget\" data-widget_type=\"text-editor.default\">\n\t\t\t\t<div class=\"elementor-widget-container\">\n\t\t\t\t\t\t\t\t\t<p>In accordance with current regulations on the protection of personal data, especially Law 1581 of 2012 and Decree 1074 of 2015, I freely, previously, expressly, and unequivocally authorize THINK IT S.A.S. to collect, store, use, circulate, delete, and carry out other forms of processing of my personal data, which I provide truthfully and completely.<\/p><p>Likewise, I declare that I am aware of and accept that the processing of my personal data will be carried out in accordance with the Personal Data Processing Policy of THINK IT S.A.S., and that I have been clearly, sufficiently, and timely informed about:\ni) The specific purposes for which my personal data will be processed; ii) The optional nature of responding to questions related to sensitive data; and iii) My right not to authorize the processing of this type of information.<\/p><p>As the data subject, I acknowledge that I have been informed of my rights, particularly the right to access, update, and rectify my personal data, to revoke the authorization granted, and\/or to request the deletion of the data and to access the information that has been collected about me.<\/p><p>These rights may be exercised through the channels provided by THINK, such as:<\/p><ul><li><strong>Website: https:\/\/thinkit.com.co\/<\/strong><\/li><li><strong>Email: info@thinkit.com.co<\/strong><\/li><li><strong>Mobile: \u202a(+57) 310 399 6082\u202c<\/strong><\/li><\/ul>\t\t\t\t\t\t\t\t<\/div>\n\t\t\t\t<\/div>\n\t\t\t\t\t<\/div>\n\t\t<\/div>\n\t\t\t\t\t<\/div>\n\t\t<\/section>\n\t\t\t\t<\/div>","protected":false},"excerpt":{"rendered":"<p>Autorizaci\u00f3n para el Tratamiento de Datos Personales Autorizaci\u00f3n para el Tratamiento de Datos Personales De conformidad con lo establecido en la normatividad vigente sobre protecci\u00f3n de datos personales, en especial la Ley 1581 de 2012 y el Decreto 1074 de 2015, autorizo de manera libre, previa, expresa e inequ\u00edvoca a THINK IT S.A.S., para que [&hellip;]<\/p>","protected":false},"author":1,"featured_media":0,"parent":0,"menu_order":0,"comment_status":"closed","ping_status":"closed","template":"","meta":{"_acf_changed":false,"footnotes":""},"class_list":["post-3","page","type-page","status-publish","hentry"],"acf":[],"yoast_head":"<!-- This site is optimized with the Yoast SEO plugin v26.6 - https:\/\/yoast.com\/wordpress\/plugins\/seo\/ -->\n<title>Pol\u00edtica de Tratamiento de datos | Think IT<\/title>\n<meta name=\"robots\" content=\"index, follow, max-snippet:-1, max-image-preview:large, max-video-preview:-1\" \/>\n<link rel=\"canonical\" href=\"https:\/\/thinkit.com.co\/en\/politica-de-tratamiento-de-datos\/\" \/>\n<meta property=\"og:locale\" content=\"en_US\" \/>\n<meta property=\"og:type\" content=\"article\" \/>\n<meta property=\"og:title\" content=\"Pol\u00edtica de Tratamiento de datos | Think IT\" \/>\n<meta property=\"og:description\" content=\"Autorizaci\u00f3n para el Tratamiento de Datos Personales Autorizaci\u00f3n para el Tratamiento de Datos Personales De conformidad con lo establecido en la normatividad vigente sobre protecci\u00f3n de datos personales, en especial la Ley 1581 de 2012 y el Decreto 1074 de 2015, autorizo de manera libre, previa, expresa e inequ\u00edvoca a THINK IT S.A.S., para que [&hellip;]\" \/>\n<meta property=\"og:url\" content=\"https:\/\/thinkit.com.co\/en\/politica-de-tratamiento-de-datos\/\" \/>\n<meta property=\"og:site_name\" content=\"Think IT\" \/>\n<meta property=\"article:modified_time\" content=\"2025-05-21T22:26:41+00:00\" \/>\n<meta name=\"twitter:card\" content=\"summary_large_image\" \/>\n<meta name=\"twitter:label1\" content=\"Est. reading time\" \/>\n\t<meta name=\"twitter:data1\" content=\"2 minutes\" \/>\n<script type=\"application\/ld+json\" class=\"yoast-schema-graph\">{\"@context\":\"https:\/\/schema.org\",\"@graph\":[{\"@type\":\"WebPage\",\"@id\":\"https:\/\/thinkit.com.co\/politica-de-tratamiento-de-datos\/\",\"url\":\"https:\/\/thinkit.com.co\/politica-de-tratamiento-de-datos\/\",\"name\":\"Pol\u00edtica de Tratamiento de datos | Think IT\",\"isPartOf\":{\"@id\":\"https:\/\/thinkit.com.co\/#website\"},\"datePublished\":\"2024-04-02T15:39:01+00:00\",\"dateModified\":\"2025-05-21T22:26:41+00:00\",\"breadcrumb\":{\"@id\":\"https:\/\/thinkit.com.co\/politica-de-tratamiento-de-datos\/#breadcrumb\"},\"inLanguage\":\"en-US\",\"potentialAction\":[{\"@type\":\"ReadAction\",\"target\":[\"https:\/\/thinkit.com.co\/politica-de-tratamiento-de-datos\/\"]}]},{\"@type\":\"BreadcrumbList\",\"@id\":\"https:\/\/thinkit.com.co\/politica-de-tratamiento-de-datos\/#breadcrumb\",\"itemListElement\":[{\"@type\":\"ListItem\",\"position\":1,\"name\":\"Portada\",\"item\":\"https:\/\/thinkit.com.co\/\"},{\"@type\":\"ListItem\",\"position\":2,\"name\":\"Pol\u00edtica de Tratamiento de datos\"}]},{\"@type\":\"WebSite\",\"@id\":\"https:\/\/thinkit.com.co\/#website\",\"url\":\"https:\/\/thinkit.com.co\/\",\"name\":\"Think IT\",\"description\":\"Tu Aliado Tecnol\u00f3gico\",\"potentialAction\":[{\"@type\":\"SearchAction\",\"target\":{\"@type\":\"EntryPoint\",\"urlTemplate\":\"https:\/\/thinkit.com.co\/?s={search_term_string}\"},\"query-input\":{\"@type\":\"PropertyValueSpecification\",\"valueRequired\":true,\"valueName\":\"search_term_string\"}}],\"inLanguage\":\"en-US\"}]}<\/script>\n<!-- \/ Yoast SEO plugin. -->","yoast_head_json":{"title":"Pol\u00edtica de Tratamiento de datos | Think IT","robots":{"index":"index","follow":"follow","max-snippet":"max-snippet:-1","max-image-preview":"max-image-preview:large","max-video-preview":"max-video-preview:-1"},"canonical":"https:\/\/thinkit.com.co\/en\/politica-de-tratamiento-de-datos\/","og_locale":"en_US","og_type":"article","og_title":"Pol\u00edtica de Tratamiento de datos | Think IT","og_description":"Autorizaci\u00f3n para el Tratamiento de Datos Personales Autorizaci\u00f3n para el Tratamiento de Datos Personales De conformidad con lo establecido en la normatividad vigente sobre protecci\u00f3n de datos personales, en especial la Ley 1581 de 2012 y el Decreto 1074 de 2015, autorizo de manera libre, previa, expresa e inequ\u00edvoca a THINK IT S.A.S., para que [&hellip;]","og_url":"https:\/\/thinkit.com.co\/en\/politica-de-tratamiento-de-datos\/","og_site_name":"Think IT","article_modified_time":"2025-05-21T22:26:41+00:00","twitter_card":"summary_large_image","twitter_misc":{"Est. reading time":"2 minutes"},"schema":{"@context":"https:\/\/schema.org","@graph":[{"@type":"WebPage","@id":"https:\/\/thinkit.com.co\/politica-de-tratamiento-de-datos\/","url":"https:\/\/thinkit.com.co\/politica-de-tratamiento-de-datos\/","name":"Pol\u00edtica de Tratamiento de datos | Think IT","isPartOf":{"@id":"https:\/\/thinkit.com.co\/#website"},"datePublished":"2024-04-02T15:39:01+00:00","dateModified":"2025-05-21T22:26:41+00:00","breadcrumb":{"@id":"https:\/\/thinkit.com.co\/politica-de-tratamiento-de-datos\/#breadcrumb"},"inLanguage":"en-US","potentialAction":[{"@type":"ReadAction","target":["https:\/\/thinkit.com.co\/politica-de-tratamiento-de-datos\/"]}]},{"@type":"BreadcrumbList","@id":"https:\/\/thinkit.com.co\/politica-de-tratamiento-de-datos\/#breadcrumb","itemListElement":[{"@type":"ListItem","position":1,"name":"Portada","item":"https:\/\/thinkit.com.co\/"},{"@type":"ListItem","position":2,"name":"Pol\u00edtica de Tratamiento de datos"}]},{"@type":"WebSite","@id":"https:\/\/thinkit.com.co\/#website","url":"https:\/\/thinkit.com.co\/","name":"Think IT","description":"Tu Aliado Tecnol\u00f3gico","potentialAction":[{"@type":"SearchAction","target":{"@type":"EntryPoint","urlTemplate":"https:\/\/thinkit.com.co\/?s={search_term_string}"},"query-input":{"@type":"PropertyValueSpecification","valueRequired":true,"valueName":"search_term_string"}}],"inLanguage":"en-US"}]}},"_links":{"self":[{"href":"https:\/\/thinkit.com.co\/en\/wp-json\/wp\/v2\/pages\/3","targetHints":{"allow":["GET"]}}],"collection":[{"href":"https:\/\/thinkit.com.co\/en\/wp-json\/wp\/v2\/pages"}],"about":[{"href":"https:\/\/thinkit.com.co\/en\/wp-json\/wp\/v2\/types\/page"}],"author":[{"embeddable":true,"href":"https:\/\/thinkit.com.co\/en\/wp-json\/wp\/v2\/users\/1"}],"replies":[{"embeddable":true,"href":"https:\/\/thinkit.com.co\/en\/wp-json\/wp\/v2\/comments?post=3"}],"version-history":[{"count":19,"href":"https:\/\/thinkit.com.co\/en\/wp-json\/wp\/v2\/pages\/3\/revisions"}],"predecessor-version":[{"id":1549,"href":"https:\/\/thinkit.com.co\/en\/wp-json\/wp\/v2\/pages\/3\/revisions\/1549"}],"wp:attachment":[{"href":"https:\/\/thinkit.com.co\/en\/wp-json\/wp\/v2\/media?parent=3"}],"curies":[{"name":"wp","href":"https:\/\/api.w.org\/{rel}","templated":true}]}}