{"id":36,"date":"2024-04-09T10:35:03","date_gmt":"2024-04-09T15:35:03","guid":{"rendered":"https:\/\/thinkit.com.co\/?page_id=36"},"modified":"2024-10-29T14:38:28","modified_gmt":"2024-10-29T19:38:28","slug":"quienes-somos","status":"publish","type":"page","link":"https:\/\/thinkit.com.co\/en\/quienes-somos\/","title":{"rendered":"Company"},"content":{"rendered":"<div data-elementor-type=\"wp-page\" data-elementor-id=\"36\" class=\"elementor elementor-36\">\n\t\t\t\t\t\t<section class=\"elementor-section elementor-top-section elementor-element elementor-element-b8dc617 elementor-section-height-full elementor-section-items-bottom elementor-section-content-middle section_circle elementor-section-boxed elementor-section-height-default\" data-id=\"b8dc617\" data-element_type=\"section\" id=\"nu_esencia\" data-settings=\"{&quot;background_background&quot;:&quot;gradient&quot;}\">\n\t\t\t\t\t\t<div class=\"elementor-container elementor-column-gap-default\">\n\t\t\t\t\t<div class=\"elementor-column elementor-col-100 elementor-top-column elementor-element elementor-element-8822736\" data-id=\"8822736\" data-element_type=\"column\">\n\t\t\t<div class=\"elementor-widget-wrap elementor-element-populated\">\n\t\t\t\t\t\t<div class=\"elementor-element elementor-element-65ea7c5 elementor-widget elementor-widget-heading\" data-id=\"65ea7c5\" data-element_type=\"widget\" data-widget_type=\"heading.default\">\n\t\t\t\t<div class=\"elementor-widget-container\">\n\t\t\t\t\t<h2 class=\"elementor-heading-title elementor-size-default\">AT THINK IT, WE DEPLOY POSSIBILITIES TO <br>CHART NEW PATHS OF INNOVATION<br>\nAND GROWTH FOR YOUR BUSINESS.<\/h2>\t\t\t\t<\/div>\n\t\t\t\t<\/div>\n\t\t\t\t<div class=\"elementor-element elementor-element-f2ddbc0 eael-dual-header-content-align-center elementor-widget elementor-widget-eael-dual-color-header\" data-id=\"f2ddbc0\" data-element_type=\"widget\" data-widget_type=\"eael-dual-color-header.default\">\n\t\t\t\t<div class=\"elementor-widget-container\">\n\t\t\t\t\t\t\t\t<div class=\"eael-dual-header\">\n\t\t\t\t<h1 class=\"title eael-dch-title\"><span class=\"eael-dch-title-text eael-dch-title-lead lead solid-color\">Nuestra <\/span> <span class=\"eael-dch-title-text\">Historia<\/span><\/h1>\t\t\t\t\t<span class=\"subtext\"><p>Since its founding on 8 April 2008 as an Oracle database specialist, Think It has evolved into a comprehensive IT services provider.<\/p><p>Our constant evolution of adaptation and expansion has been based on the principle that each customer is unique and therefore deserves strategies that not only address they current requirements, but also anticipate future complexities. This integrative approach enables transition to the adoption of new technologies, ensuring security and support from the world\u2019s most recognized IT manufacturers.<\/p><\/span>\n\t\t\t\t\t\t\t<\/div>\n\n\t\t\t\t\t\t<\/div>\n\t\t\t\t<\/div>\n\t\t\t\t<div class=\"elementor-element elementor-element-13de7ce elementor-widget elementor-widget-shortcode\" data-id=\"13de7ce\" data-element_type=\"widget\" data-widget_type=\"shortcode.default\">\n\t\t\t\t<div class=\"elementor-widget-container\">\n\t\t\t\t\t\t\t<div class=\"elementor-shortcode\"><a href=\"#esencia\" id=\"btn_down\" class=\"ancla_top\"><img decoding=\"async\" src=\"https:\/\/thinkit.com.co\/wp-content\/uploads\/2024\/04\/text-scroll.webp\" class=\"img_fluid txt_scroll\"><i class=\"material-symbols-outlined\">south<\/i><\/a><\/div>\n\t\t\t\t\t\t<\/div>\n\t\t\t\t<\/div>\n\t\t\t\t\t<\/div>\n\t\t<\/div>\n\t\t\t\t\t<\/div>\n\t\t<\/section>\n\t\t\t\t<section class=\"elementor-section elementor-top-section elementor-element elementor-element-598d4c4 elementor-section-stretched section_circle white_section elementor-section-boxed elementor-section-height-default elementor-section-height-default\" data-id=\"598d4c4\" data-element_type=\"section\" id=\"esencia\" data-settings=\"{&quot;background_background&quot;:&quot;classic&quot;,&quot;stretch_section&quot;:&quot;section-stretched&quot;}\">\n\t\t\t\t\t\t<div class=\"elementor-container elementor-column-gap-default\">\n\t\t\t\t\t<div class=\"elementor-column elementor-col-100 elementor-top-column elementor-element elementor-element-f78d906\" data-id=\"f78d906\" data-element_type=\"column\" id=\"90\">\n\t\t\t<div class=\"elementor-widget-wrap elementor-element-populated\">\n\t\t\t\t\t\t<div class=\"elementor-element elementor-element-fec2fcd eael-dual-header-content-align-center elementor-widget elementor-widget-eael-dual-color-header\" data-id=\"fec2fcd\" data-element_type=\"widget\" data-widget_type=\"eael-dual-color-header.default\">\n\t\t\t\t<div class=\"elementor-widget-container\">\n\t\t\t\t\t\t\t\t<div class=\"eael-dual-header\">\n\t\t\t\t<h3 class=\"title eael-dch-title\"><span class=\"eael-dch-title-text eael-dch-title-lead lead solid-color\">Nuestra <\/span> <span class=\"eael-dch-title-text\">Esencia<\/span><\/h3>\t\t\t<\/div>\n\n\t\t\t\t\t\t<\/div>\n\t\t\t\t<\/div>\n\t\t\t\t<section class=\"elementor-section elementor-inner-section elementor-element elementor-element-03faeaf elementor-section-content-middle elementor-section-boxed elementor-section-height-default elementor-section-height-default\" data-id=\"03faeaf\" data-element_type=\"section\" id=\"list_esencia\">\n\t\t\t\t\t\t<div class=\"elementor-container elementor-column-gap-default\">\n\t\t\t\t\t<div class=\"elementor-column elementor-col-25 elementor-inner-column elementor-element elementor-element-2766407 item_esencia\" data-id=\"2766407\" data-element_type=\"column\" data-settings=\"{&quot;background_background&quot;:&quot;classic&quot;}\">\n\t\t\t<div class=\"elementor-widget-wrap elementor-element-populated\">\n\t\t\t\t\t<div class=\"elementor-background-overlay\"><\/div>\n\t\t\t\t\t\t<div class=\"elementor-element elementor-element-b946a3f elementor-widget elementor-widget-text-editor\" data-id=\"b946a3f\" data-element_type=\"widget\" data-widget_type=\"text-editor.default\">\n\t\t\t\t<div class=\"elementor-widget-container\">\n\t\t\t\t\t\t\t\t\tThink IT covers the entire technological spectrum thanks to strategic partnerships.\t\t\t\t\t\t\t\t<\/div>\n\t\t\t\t<\/div>\n\t\t\t\t<div class=\"elementor-element elementor-element-bee33e0 elementor-widget elementor-widget-heading\" data-id=\"bee33e0\" data-element_type=\"widget\" data-widget_type=\"heading.default\">\n\t\t\t\t<div class=\"elementor-widget-container\">\n\t\t\t\t\t<h3 class=\"elementor-heading-title elementor-size-default\">COMPREHENSIVE<\/h3>\t\t\t\t<\/div>\n\t\t\t\t<\/div>\n\t\t\t\t\t<\/div>\n\t\t<\/div>\n\t\t\t\t<div class=\"elementor-column elementor-col-25 elementor-inner-column elementor-element elementor-element-1103c53 item_esencia\" data-id=\"1103c53\" data-element_type=\"column\" data-settings=\"{&quot;background_background&quot;:&quot;classic&quot;}\">\n\t\t\t<div class=\"elementor-widget-wrap elementor-element-populated\">\n\t\t\t\t\t<div class=\"elementor-background-overlay\"><\/div>\n\t\t\t\t\t\t<div class=\"elementor-element elementor-element-a1f9eec elementor-widget elementor-widget-text-editor\" data-id=\"a1f9eec\" data-element_type=\"widget\" data-widget_type=\"text-editor.default\">\n\t\t\t\t<div class=\"elementor-widget-container\">\n\t\t\t\t\t\t\t\t\tYour welcomed with kindness and empathy, creating an environment of trust and comfort.\t\t\t\t\t\t\t\t<\/div>\n\t\t\t\t<\/div>\n\t\t\t\t<div class=\"elementor-element elementor-element-d68fa29 elementor-widget elementor-widget-heading\" data-id=\"d68fa29\" data-element_type=\"widget\" data-widget_type=\"heading.default\">\n\t\t\t\t<div class=\"elementor-widget-container\">\n\t\t\t\t\t<h3 class=\"elementor-heading-title elementor-size-default\">KIND<\/h3>\t\t\t\t<\/div>\n\t\t\t\t<\/div>\n\t\t\t\t\t<\/div>\n\t\t<\/div>\n\t\t\t\t<div class=\"elementor-column elementor-col-25 elementor-inner-column elementor-element elementor-element-defe309 item_esencia\" data-id=\"defe309\" data-element_type=\"column\" data-settings=\"{&quot;background_background&quot;:&quot;classic&quot;}\">\n\t\t\t<div class=\"elementor-widget-wrap elementor-element-populated\">\n\t\t\t\t\t<div class=\"elementor-background-overlay\"><\/div>\n\t\t\t\t\t\t<div class=\"elementor-element elementor-element-38db7ce elementor-widget elementor-widget-text-editor\" data-id=\"38db7ce\" data-element_type=\"widget\" data-widget_type=\"text-editor.default\">\n\t\t\t\t<div class=\"elementor-widget-container\">\n\t\t\t\t\t\t\t\t\tCombining our 16 years of experience with continuous learning and a highly qualified team.\t\t\t\t\t\t\t\t<\/div>\n\t\t\t\t<\/div>\n\t\t\t\t<div class=\"elementor-element elementor-element-97b616f elementor-widget elementor-widget-heading\" data-id=\"97b616f\" data-element_type=\"widget\" data-widget_type=\"heading.default\">\n\t\t\t\t<div class=\"elementor-widget-container\">\n\t\t\t\t\t<h3 class=\"elementor-heading-title elementor-size-default\">EXPERTS<\/h3>\t\t\t\t<\/div>\n\t\t\t\t<\/div>\n\t\t\t\t\t<\/div>\n\t\t<\/div>\n\t\t\t\t<div class=\"elementor-column elementor-col-25 elementor-inner-column elementor-element elementor-element-24edba3 item_esencia\" data-id=\"24edba3\" data-element_type=\"column\" data-settings=\"{&quot;background_background&quot;:&quot;classic&quot;}\">\n\t\t\t<div class=\"elementor-widget-wrap elementor-element-populated\">\n\t\t\t\t\t<div class=\"elementor-background-overlay\"><\/div>\n\t\t\t\t\t\t<div class=\"elementor-element elementor-element-29499a3 elementor-widget elementor-widget-text-editor\" data-id=\"29499a3\" data-element_type=\"widget\" data-widget_type=\"text-editor.default\">\n\t\t\t\t<div class=\"elementor-widget-container\">\n\t\t\t\t\t\t\t\t\tIT solves your challenges with simple and effective solutions, without complications.\t\t\t\t\t\t\t\t<\/div>\n\t\t\t\t<\/div>\n\t\t\t\t<div class=\"elementor-element elementor-element-14c2cdf elementor-widget elementor-widget-heading\" data-id=\"14c2cdf\" data-element_type=\"widget\" data-widget_type=\"heading.default\">\n\t\t\t\t<div class=\"elementor-widget-container\">\n\t\t\t\t\t<h3 class=\"elementor-heading-title elementor-size-default\">PRACTICAL<\/h3>\t\t\t\t<\/div>\n\t\t\t\t<\/div>\n\t\t\t\t\t<\/div>\n\t\t<\/div>\n\t\t\t\t\t<\/div>\n\t\t<\/section>\n\t\t\t\t<div class=\"elementor-element elementor-element-0bd6d26 elementor-widget elementor-widget-text-editor\" data-id=\"0bd6d26\" data-element_type=\"widget\" data-widget_type=\"text-editor.default\">\n\t\t\t\t<div class=\"elementor-widget-container\">\n\t\t\t\t\t\t\t\t\t<p>Think IT covers the entire technological spectrum thanks to strategic partnerships.<\/p>\t\t\t\t\t\t\t\t<\/div>\n\t\t\t\t<\/div>\n\t\t\t\t\t<\/div>\n\t\t<\/div>\n\t\t\t\t\t<\/div>\n\t\t<\/section>\n\t\t\t\t<section class=\"elementor-section elementor-top-section elementor-element elementor-element-af022a8 elementor-section-content-middle elementor-section-stretched elementor-section-boxed elementor-section-height-default elementor-section-height-default\" data-id=\"af022a8\" data-element_type=\"section\" id=\"cifras_about\" data-settings=\"{&quot;stretch_section&quot;:&quot;section-stretched&quot;,&quot;background_background&quot;:&quot;classic&quot;}\">\n\t\t\t\t\t\t\t<div class=\"elementor-background-overlay\"><\/div>\n\t\t\t\t\t\t\t<div class=\"elementor-container elementor-column-gap-default\">\n\t\t\t\t\t<div class=\"elementor-column elementor-col-50 elementor-top-column elementor-element elementor-element-af174e8 figure_cifras\" data-id=\"af174e8\" data-element_type=\"column\">\n\t\t\t<div class=\"elementor-widget-wrap elementor-element-populated\">\n\t\t\t\t\t\t<div class=\"elementor-element elementor-element-9e41d2f elementor-widget elementor-widget-image\" data-id=\"9e41d2f\" data-element_type=\"widget\" data-widget_type=\"image.default\">\n\t\t\t\t<div class=\"elementor-widget-container\">\n\t\t\t\t\t\t\t\t\t\t\t\t\t\t\t<img fetchpriority=\"high\" decoding=\"async\" width=\"400\" height=\"400\" src=\"https:\/\/thinkit.com.co\/wp-content\/uploads\/2024\/04\/nustras-cifras.webp\" class=\"attachment-large size-large wp-image-661\" alt=\"\" srcset=\"https:\/\/thinkit.com.co\/wp-content\/uploads\/2024\/04\/nustras-cifras.webp 400w, https:\/\/thinkit.com.co\/wp-content\/uploads\/2024\/04\/nustras-cifras-300x300.webp 300w, https:\/\/thinkit.com.co\/wp-content\/uploads\/2024\/04\/nustras-cifras-150x150.webp 150w, https:\/\/thinkit.com.co\/wp-content\/uploads\/2024\/04\/nustras-cifras-12x12.webp 12w\" sizes=\"(max-width: 400px) 100vw, 400px\" \/>\t\t\t\t\t\t\t\t\t\t\t\t\t\t\t<\/div>\n\t\t\t\t<\/div>\n\t\t\t\t\t<\/div>\n\t\t<\/div>\n\t\t\t\t<div class=\"elementor-column elementor-col-50 elementor-top-column elementor-element elementor-element-5480142 list_cifras\" data-id=\"5480142\" data-element_type=\"column\">\n\t\t\t<div class=\"elementor-widget-wrap elementor-element-populated\">\n\t\t\t\t\t\t<div class=\"elementor-element elementor-element-f7a1af7 elementor-widget elementor-widget-heading\" data-id=\"f7a1af7\" data-element_type=\"widget\" data-widget_type=\"heading.default\">\n\t\t\t\t<div class=\"elementor-widget-container\">\n\t\t\t\t\t<h2 class=\"elementor-heading-title elementor-size-default\">NUMBERS<\/h2>\t\t\t\t<\/div>\n\t\t\t\t<\/div>\n\t\t\t\t<section class=\"elementor-section elementor-inner-section elementor-element elementor-element-8c2cd8d elementor-section-boxed elementor-section-height-default elementor-section-height-default\" data-id=\"8c2cd8d\" data-element_type=\"section\">\n\t\t\t\t\t\t<div class=\"elementor-container elementor-column-gap-default\">\n\t\t\t\t\t<div class=\"elementor-column elementor-col-50 elementor-inner-column elementor-element elementor-element-3442108\" data-id=\"3442108\" data-element_type=\"column\">\n\t\t\t<div class=\"elementor-widget-wrap elementor-element-populated\">\n\t\t\t\t\t\t<div class=\"elementor-element elementor-element-f5c0bcb elementor-widget elementor-widget-counter\" data-id=\"f5c0bcb\" data-element_type=\"widget\" data-widget_type=\"counter.default\">\n\t\t\t\t<div class=\"elementor-widget-container\">\n\t\t\t\t\t\t\t<div class=\"elementor-counter\">\n\t\t\t<div class=\"elementor-counter-title\">Active clients nationwide<\/div>\t\t\t<div class=\"elementor-counter-number-wrapper\">\n\t\t\t\t<span class=\"elementor-counter-number-prefix\">+<\/span>\n\t\t\t\t<span class=\"elementor-counter-number\" data-duration=\"2000\" data-to-value=\"100\" data-from-value=\"0\" data-delimiter=\",\">0<\/span>\n\t\t\t\t<span class=\"elementor-counter-number-suffix\"><\/span>\n\t\t\t<\/div>\n\t\t<\/div>\n\t\t\t\t\t\t<\/div>\n\t\t\t\t<\/div>\n\t\t\t\t\t<\/div>\n\t\t<\/div>\n\t\t\t\t<div class=\"elementor-column elementor-col-50 elementor-inner-column elementor-element elementor-element-0d51218\" data-id=\"0d51218\" data-element_type=\"column\">\n\t\t\t<div class=\"elementor-widget-wrap elementor-element-populated\">\n\t\t\t\t\t\t<div class=\"elementor-element elementor-element-294b297 elementor-widget elementor-widget-counter\" data-id=\"294b297\" data-element_type=\"widget\" data-widget_type=\"counter.default\">\n\t\t\t\t<div class=\"elementor-widget-container\">\n\t\t\t\t\t\t\t<div class=\"elementor-counter\">\n\t\t\t<div class=\"elementor-counter-title\">Of our engineers are certified by the manufacturers.<\/div>\t\t\t<div class=\"elementor-counter-number-wrapper\">\n\t\t\t\t<span class=\"elementor-counter-number-prefix\"><\/span>\n\t\t\t\t<span class=\"elementor-counter-number\" data-duration=\"2000\" data-to-value=\"100\" data-from-value=\"0\" data-delimiter=\",\">0<\/span>\n\t\t\t\t<span class=\"elementor-counter-number-suffix\">%<\/span>\n\t\t\t<\/div>\n\t\t<\/div>\n\t\t\t\t\t\t<\/div>\n\t\t\t\t<\/div>\n\t\t\t\t\t<\/div>\n\t\t<\/div>\n\t\t\t\t\t<\/div>\n\t\t<\/section>\n\t\t\t\t<section class=\"elementor-section elementor-inner-section elementor-element elementor-element-b036508 elementor-section-boxed elementor-section-height-default elementor-section-height-default\" data-id=\"b036508\" data-element_type=\"section\">\n\t\t\t\t\t\t<div class=\"elementor-container elementor-column-gap-default\">\n\t\t\t\t\t<div class=\"elementor-column elementor-col-33 elementor-inner-column elementor-element elementor-element-977b8da\" data-id=\"977b8da\" data-element_type=\"column\">\n\t\t\t<div class=\"elementor-widget-wrap\">\n\t\t\t\t\t\t\t<\/div>\n\t\t<\/div>\n\t\t\t\t<div class=\"elementor-column elementor-col-33 elementor-inner-column elementor-element elementor-element-cb20303\" data-id=\"cb20303\" data-element_type=\"column\">\n\t\t\t<div class=\"elementor-widget-wrap elementor-element-populated\">\n\t\t\t\t\t\t<div class=\"elementor-element elementor-element-ffae0f0 elementor-widget elementor-widget-counter\" data-id=\"ffae0f0\" data-element_type=\"widget\" data-widget_type=\"counter.default\">\n\t\t\t\t<div class=\"elementor-widget-container\">\n\t\t\t\t\t\t\t<div class=\"elementor-counter\">\n\t\t\t<div class=\"elementor-counter-title\">Sustained growth in sales, thanks to trust of our clients.<\/div>\t\t\t<div class=\"elementor-counter-number-wrapper\">\n\t\t\t\t<span class=\"elementor-counter-number-prefix\"><\/span>\n\t\t\t\t<span class=\"elementor-counter-number\" data-duration=\"2000\" data-to-value=\"30\" data-from-value=\"0\" data-delimiter=\",\">0<\/span>\n\t\t\t\t<span class=\"elementor-counter-number-suffix\">%<\/span>\n\t\t\t<\/div>\n\t\t<\/div>\n\t\t\t\t\t\t<\/div>\n\t\t\t\t<\/div>\n\t\t\t\t\t<\/div>\n\t\t<\/div>\n\t\t\t\t<div class=\"elementor-column elementor-col-33 elementor-inner-column elementor-element elementor-element-0947507\" data-id=\"0947507\" data-element_type=\"column\">\n\t\t\t<div class=\"elementor-widget-wrap\">\n\t\t\t\t\t\t\t<\/div>\n\t\t<\/div>\n\t\t\t\t\t<\/div>\n\t\t<\/section>\n\t\t\t\t\t<\/div>\n\t\t<\/div>\n\t\t\t\t\t<\/div>\n\t\t<\/section>\n\t\t\t\t<\/div>","protected":false},"excerpt":{"rendered":"<p>EN THINK IT, DESPLEGAMOS POSIBILIDADES PARA TRAZAR NUEVOS CAMINOS DE INNOVACI\u00d3N Y CRECIMIENTO PARA TU NEGOCIO. Nuestra Historia Desde su fundaci\u00f3n el 8 de abril de 2008 como especialistas en bases de datos Oracle, Think IT ha evolucionado para convertirse en un proveedor integral de servicios de TI. Nuestra evoluci\u00f3n constante de adaptaci\u00f3n y expansi\u00f3n [&hellip;]<\/p>","protected":false},"author":1,"featured_media":0,"parent":0,"menu_order":0,"comment_status":"closed","ping_status":"closed","template":"","meta":{"_acf_changed":false,"footnotes":""},"class_list":["post-36","page","type-page","status-publish","hentry"],"acf":[],"yoast_head":"<!-- This site is optimized with the Yoast SEO plugin v26.6 - https:\/\/yoast.com\/wordpress\/plugins\/seo\/ -->\n<title>Quienes Somos | Think IT<\/title>\n<meta name=\"robots\" content=\"index, follow, max-snippet:-1, max-image-preview:large, max-video-preview:-1\" \/>\n<link rel=\"canonical\" href=\"https:\/\/thinkit.com.co\/en\/quienes-somos\/\" \/>\n<meta property=\"og:locale\" content=\"en_US\" \/>\n<meta property=\"og:type\" content=\"article\" \/>\n<meta property=\"og:title\" content=\"Quienes Somos | Think IT\" \/>\n<meta property=\"og:description\" content=\"EN THINK IT, DESPLEGAMOS POSIBILIDADES PARA TRAZAR NUEVOS CAMINOS DE INNOVACI\u00d3N Y CRECIMIENTO PARA TU NEGOCIO. Nuestra Historia Desde su fundaci\u00f3n el 8 de abril de 2008 como especialistas en bases de datos Oracle, Think IT ha evolucionado para convertirse en un proveedor integral de servicios de TI. Nuestra evoluci\u00f3n constante de adaptaci\u00f3n y expansi\u00f3n [&hellip;]\" \/>\n<meta property=\"og:url\" content=\"https:\/\/thinkit.com.co\/en\/quienes-somos\/\" \/>\n<meta property=\"og:site_name\" content=\"Think IT\" \/>\n<meta property=\"article:modified_time\" content=\"2024-10-29T19:38:28+00:00\" \/>\n<meta property=\"og:image\" content=\"https:\/\/thinkit.com.co\/wp-content\/uploads\/2024\/04\/nustras-cifras.webp\" \/>\n<meta name=\"twitter:card\" content=\"summary_large_image\" \/>\n<meta name=\"twitter:label1\" content=\"Est. reading time\" \/>\n\t<meta name=\"twitter:data1\" content=\"2 minutes\" \/>\n<script type=\"application\/ld+json\" class=\"yoast-schema-graph\">{\"@context\":\"https:\/\/schema.org\",\"@graph\":[{\"@type\":\"WebPage\",\"@id\":\"https:\/\/thinkit.com.co\/quienes-somos\/\",\"url\":\"https:\/\/thinkit.com.co\/quienes-somos\/\",\"name\":\"Quienes Somos | Think IT\",\"isPartOf\":{\"@id\":\"https:\/\/thinkit.com.co\/#website\"},\"primaryImageOfPage\":{\"@id\":\"https:\/\/thinkit.com.co\/quienes-somos\/#primaryimage\"},\"image\":{\"@id\":\"https:\/\/thinkit.com.co\/quienes-somos\/#primaryimage\"},\"thumbnailUrl\":\"https:\/\/thinkit.com.co\/wp-content\/uploads\/2024\/04\/nustras-cifras.webp\",\"datePublished\":\"2024-04-09T15:35:03+00:00\",\"dateModified\":\"2024-10-29T19:38:28+00:00\",\"breadcrumb\":{\"@id\":\"https:\/\/thinkit.com.co\/quienes-somos\/#breadcrumb\"},\"inLanguage\":\"en-US\",\"potentialAction\":[{\"@type\":\"ReadAction\",\"target\":[\"https:\/\/thinkit.com.co\/quienes-somos\/\"]}]},{\"@type\":\"ImageObject\",\"inLanguage\":\"en-US\",\"@id\":\"https:\/\/thinkit.com.co\/quienes-somos\/#primaryimage\",\"url\":\"https:\/\/thinkit.com.co\/wp-content\/uploads\/2024\/04\/nustras-cifras.webp\",\"contentUrl\":\"https:\/\/thinkit.com.co\/wp-content\/uploads\/2024\/04\/nustras-cifras.webp\"},{\"@type\":\"BreadcrumbList\",\"@id\":\"https:\/\/thinkit.com.co\/quienes-somos\/#breadcrumb\",\"itemListElement\":[{\"@type\":\"ListItem\",\"position\":1,\"name\":\"Portada\",\"item\":\"https:\/\/thinkit.com.co\/\"},{\"@type\":\"ListItem\",\"position\":2,\"name\":\"Quienes Somos\"}]},{\"@type\":\"WebSite\",\"@id\":\"https:\/\/thinkit.com.co\/#website\",\"url\":\"https:\/\/thinkit.com.co\/\",\"name\":\"Think IT\",\"description\":\"Tu Aliado Tecnol\u00f3gico\",\"potentialAction\":[{\"@type\":\"SearchAction\",\"target\":{\"@type\":\"EntryPoint\",\"urlTemplate\":\"https:\/\/thinkit.com.co\/?s={search_term_string}\"},\"query-input\":{\"@type\":\"PropertyValueSpecification\",\"valueRequired\":true,\"valueName\":\"search_term_string\"}}],\"inLanguage\":\"en-US\"}]}<\/script>\n<!-- \/ Yoast SEO plugin. -->","yoast_head_json":{"title":"Quienes Somos | Think IT","robots":{"index":"index","follow":"follow","max-snippet":"max-snippet:-1","max-image-preview":"max-image-preview:large","max-video-preview":"max-video-preview:-1"},"canonical":"https:\/\/thinkit.com.co\/en\/quienes-somos\/","og_locale":"en_US","og_type":"article","og_title":"Quienes Somos | Think IT","og_description":"EN THINK IT, DESPLEGAMOS POSIBILIDADES PARA TRAZAR NUEVOS CAMINOS DE INNOVACI\u00d3N Y CRECIMIENTO PARA TU NEGOCIO. Nuestra Historia Desde su fundaci\u00f3n el 8 de abril de 2008 como especialistas en bases de datos Oracle, Think IT ha evolucionado para convertirse en un proveedor integral de servicios de TI. Nuestra evoluci\u00f3n constante de adaptaci\u00f3n y expansi\u00f3n [&hellip;]","og_url":"https:\/\/thinkit.com.co\/en\/quienes-somos\/","og_site_name":"Think IT","article_modified_time":"2024-10-29T19:38:28+00:00","og_image":[{"url":"https:\/\/thinkit.com.co\/wp-content\/uploads\/2024\/04\/nustras-cifras.webp","type":"","width":"","height":""}],"twitter_card":"summary_large_image","twitter_misc":{"Est. reading time":"2 minutes"},"schema":{"@context":"https:\/\/schema.org","@graph":[{"@type":"WebPage","@id":"https:\/\/thinkit.com.co\/quienes-somos\/","url":"https:\/\/thinkit.com.co\/quienes-somos\/","name":"Quienes Somos | Think IT","isPartOf":{"@id":"https:\/\/thinkit.com.co\/#website"},"primaryImageOfPage":{"@id":"https:\/\/thinkit.com.co\/quienes-somos\/#primaryimage"},"image":{"@id":"https:\/\/thinkit.com.co\/quienes-somos\/#primaryimage"},"thumbnailUrl":"https:\/\/thinkit.com.co\/wp-content\/uploads\/2024\/04\/nustras-cifras.webp","datePublished":"2024-04-09T15:35:03+00:00","dateModified":"2024-10-29T19:38:28+00:00","breadcrumb":{"@id":"https:\/\/thinkit.com.co\/quienes-somos\/#breadcrumb"},"inLanguage":"en-US","potentialAction":[{"@type":"ReadAction","target":["https:\/\/thinkit.com.co\/quienes-somos\/"]}]},{"@type":"ImageObject","inLanguage":"en-US","@id":"https:\/\/thinkit.com.co\/quienes-somos\/#primaryimage","url":"https:\/\/thinkit.com.co\/wp-content\/uploads\/2024\/04\/nustras-cifras.webp","contentUrl":"https:\/\/thinkit.com.co\/wp-content\/uploads\/2024\/04\/nustras-cifras.webp"},{"@type":"BreadcrumbList","@id":"https:\/\/thinkit.com.co\/quienes-somos\/#breadcrumb","itemListElement":[{"@type":"ListItem","position":1,"name":"Portada","item":"https:\/\/thinkit.com.co\/"},{"@type":"ListItem","position":2,"name":"Quienes Somos"}]},{"@type":"WebSite","@id":"https:\/\/thinkit.com.co\/#website","url":"https:\/\/thinkit.com.co\/","name":"Think IT","description":"Tu Aliado Tecnol\u00f3gico","potentialAction":[{"@type":"SearchAction","target":{"@type":"EntryPoint","urlTemplate":"https:\/\/thinkit.com.co\/?s={search_term_string}"},"query-input":{"@type":"PropertyValueSpecification","valueRequired":true,"valueName":"search_term_string"}}],"inLanguage":"en-US"}]}},"_links":{"self":[{"href":"https:\/\/thinkit.com.co\/en\/wp-json\/wp\/v2\/pages\/36","targetHints":{"allow":["GET"]}}],"collection":[{"href":"https:\/\/thinkit.com.co\/en\/wp-json\/wp\/v2\/pages"}],"about":[{"href":"https:\/\/thinkit.com.co\/en\/wp-json\/wp\/v2\/types\/page"}],"author":[{"embeddable":true,"href":"https:\/\/thinkit.com.co\/en\/wp-json\/wp\/v2\/users\/1"}],"replies":[{"embeddable":true,"href":"https:\/\/thinkit.com.co\/en\/wp-json\/wp\/v2\/comments?post=36"}],"version-history":[{"count":283,"href":"https:\/\/thinkit.com.co\/en\/wp-json\/wp\/v2\/pages\/36\/revisions"}],"predecessor-version":[{"id":1215,"href":"https:\/\/thinkit.com.co\/en\/wp-json\/wp\/v2\/pages\/36\/revisions\/1215"}],"wp:attachment":[{"href":"https:\/\/thinkit.com.co\/en\/wp-json\/wp\/v2\/media?parent=36"}],"curies":[{"name":"wp","href":"https:\/\/api.w.org\/{rel}","templated":true}]}}